{"id":21,"date":"2025-10-21T10:33:26","date_gmt":"2025-10-21T08:33:26","guid":{"rendered":"https:\/\/wordpress.renzelburg.eu\/?page_id=21"},"modified":"2025-11-09T11:58:46","modified_gmt":"2025-11-09T10:58:46","slug":"die-band","status":"publish","type":"page","link":"https:\/\/wordpress.renzelburg.eu\/?page_id=21","title":{"rendered":"Die Band"},"content":{"rendered":"\t\t<div data-elementor-type=\"wp-page\" data-elementor-id=\"21\" class=\"elementor elementor-21\">\n\t\t\t\t\t\t<section class=\"elementor-section elementor-top-section elementor-element elementor-element-12a58f48 elementor-section-boxed elementor-section-height-default elementor-section-height-default\" data-id=\"12a58f48\" data-element_type=\"section\" data-e-type=\"section\" data-settings=\"{&quot;background_background&quot;:&quot;classic&quot;}\">\n\t\t\t\t\t\t<div class=\"elementor-container elementor-column-gap-no\">\n\t\t\t\t\t<div class=\"elementor-column elementor-col-100 elementor-top-column elementor-element elementor-element-15464583\" data-id=\"15464583\" data-element_type=\"column\" data-e-type=\"column\">\n\t\t\t<div class=\"elementor-widget-wrap elementor-element-populated\">\n\t\t\t\t\t\t<section class=\"elementor-section elementor-inner-section elementor-element elementor-element-a1ae3ee elementor-section-full_width elementor-section-height-default elementor-section-height-default\" data-id=\"a1ae3ee\" data-element_type=\"section\" data-e-type=\"section\">\n\t\t\t\t\t\t<div class=\"elementor-container elementor-column-gap-no\">\n\t\t\t\t\t<div class=\"elementor-column elementor-col-33 elementor-inner-column elementor-element elementor-element-30cd67e\" data-id=\"30cd67e\" data-element_type=\"column\" data-e-type=\"column\">\n\t\t\t<div class=\"elementor-widget-wrap elementor-element-populated\">\n\t\t\t\t\t\t<div class=\"elementor-element elementor-element-9b24c19 eael-team-align-centered elementor-invisible elementor-widget elementor-widget-eael-team-member\" data-id=\"9b24c19\" data-element_type=\"widget\" data-e-type=\"widget\" data-settings=\"{&quot;_animation&quot;:&quot;fadeInLeft&quot;,&quot;_animation_delay&quot;:150}\" data-widget_type=\"eael-team-member.default\">\n\t\t\t\t\t\n\n\t<div id=\"eael-team-member-9b24c19\" class=\"eael-team-item eael-team-members-centered \">\n\t\t<div class=\"eael-team-item-inner\">\n\t\t\t<div class=\"eael-team-image\">\n\t\t\t\t<figure>\n\t\t\t\t\t\t\t\t\t\t<img decoding=\"async\" src=\"https:\/\/wordpress.renzelburg.eu\/wp-content\/uploads\/2025\/10\/Andreas.jpg\" alt=\"\">\n\t\t\t\t\t\t\t\t\t<\/figure>\n\t\t\t\t\n\t\t\t\t\n\t\t\t<\/div>\n\n\t\t\t<div class=\"eael-team-content\">\n\t\t\t\t<h2 class=\"eael-team-member-name\">Andreas<\/h2><h3 class=\"eael-team-member-position\">Piano &amp; Bandleitung<\/h3>\n\t\t\t\t\t\t\t\t\t\t\t\t\t\t<p class=\"eael-team-text\"><\/p>\n\t\t\t\t\t\t\t<\/div>\n\t\t<\/div>\n\t<\/div>\n\t\t\t\t\t<\/div>\n\t\t\t\t<div class=\"elementor-element elementor-element-48551507 eael-team-align-centered elementor-invisible elementor-widget elementor-widget-eael-team-member\" data-id=\"48551507\" data-element_type=\"widget\" data-e-type=\"widget\" data-settings=\"{&quot;_animation&quot;:&quot;zoomIn&quot;,&quot;_animation_delay&quot;:300}\" data-widget_type=\"eael-team-member.default\">\n\t\t\t\t\t\n\n\t<div id=\"eael-team-member-48551507\" class=\"eael-team-item eael-team-members-centered \">\n\t\t<div class=\"eael-team-item-inner\">\n\t\t\t<div class=\"eael-team-image\">\n\t\t\t\t<figure>\n\t\t\t\t\t\t\t\t\t\t<img decoding=\"async\" src=\"https:\/\/wordpress.renzelburg.eu\/wp-content\/uploads\/2025\/10\/Beate.jpg\" alt=\"\">\n\t\t\t\t\t\t\t\t\t<\/figure>\n\t\t\t\t\n\t\t\t\t\n\t\t\t<\/div>\n\n\t\t\t<div class=\"eael-team-content\">\n\t\t\t\t<h2 class=\"eael-team-member-name\">Beate<\/h2><h3 class=\"eael-team-member-position\">Altsaxophon<\/h3>\n\t\t\t\t\t\t\t\t\t\t\t\t\t\t<p class=\"eael-team-text\"><\/p>\n\t\t\t\t\t\t\t<\/div>\n\t\t<\/div>\n\t<\/div>\n\t\t\t\t\t<\/div>\n\t\t\t\t\t<\/div>\n\t\t<\/div>\n\t\t\t\t<div class=\"elementor-column elementor-col-33 elementor-inner-column elementor-element elementor-element-2bdcbaea\" data-id=\"2bdcbaea\" data-element_type=\"column\" data-e-type=\"column\">\n\t\t\t<div class=\"elementor-widget-wrap elementor-element-populated\">\n\t\t\t\t\t\t<div class=\"elementor-element elementor-element-619d470 eael-team-align-centered elementor-invisible elementor-widget elementor-widget-eael-team-member\" data-id=\"619d470\" data-element_type=\"widget\" data-e-type=\"widget\" data-settings=\"{&quot;_animation&quot;:&quot;zoomIn&quot;,&quot;_animation_delay&quot;:550}\" data-widget_type=\"eael-team-member.default\">\n\t\t\t\t\t\n\n\t<div id=\"eael-team-member-619d470\" class=\"eael-team-item eael-team-members-centered \">\n\t\t<div class=\"eael-team-item-inner\">\n\t\t\t<div class=\"eael-team-image\">\n\t\t\t\t<figure>\n\t\t\t\t\t\t\t\t\t\t<img decoding=\"async\" src=\"https:\/\/wordpress.renzelburg.eu\/wp-content\/uploads\/2025\/10\/Marcel.jpg\" alt=\"\">\n\t\t\t\t\t\t\t\t\t<\/figure>\n\t\t\t\t\n\t\t\t\t\n\t\t\t<\/div>\n\n\t\t\t<div class=\"eael-team-content\">\n\t\t\t\t<h2 class=\"eael-team-member-name\">Marcel<\/h2><h3 class=\"eael-team-member-position\">Schlagzeug<\/h3>\n\t\t\t\t\t\t\t\t\t\t\t\t\t\t<p class=\"eael-team-text\"><\/p>\n\t\t\t\t\t\t\t<\/div>\n\t\t<\/div>\n\t<\/div>\n\t\t\t\t\t<\/div>\n\t\t\t\t<div class=\"elementor-element elementor-element-9bbf6ba eael-team-align-centered elementor-invisible elementor-widget elementor-widget-eael-team-member\" data-id=\"9bbf6ba\" data-element_type=\"widget\" data-e-type=\"widget\" data-settings=\"{&quot;_animation&quot;:&quot;fadeInLeft&quot;,&quot;_animation_delay&quot;:150}\" data-widget_type=\"eael-team-member.default\">\n\t\t\t\t\t\n\n\t<div id=\"eael-team-member-9bbf6ba\" class=\"eael-team-item eael-team-members-centered \">\n\t\t<div class=\"eael-team-item-inner\">\n\t\t\t<div class=\"eael-team-image\">\n\t\t\t\t<figure>\n\t\t\t\t\t\t\t\t\t\t<img decoding=\"async\" src=\"https:\/\/wordpress.renzelburg.eu\/wp-content\/uploads\/2025\/10\/Horst.jpg\" alt=\"\">\n\t\t\t\t\t\t\t\t\t<\/figure>\n\t\t\t\t\n\t\t\t\t\n\t\t\t<\/div>\n\n\t\t\t<div class=\"eael-team-content\">\n\t\t\t\t<h2 class=\"eael-team-member-name\">Horst<\/h2><h3 class=\"eael-team-member-position\">Tenorsaxophon<\/h3>\n\t\t\t\t\t\t\t\t\t\t\t\t\t\t<p class=\"eael-team-text\"><\/p>\n\t\t\t\t\t\t\t<\/div>\n\t\t<\/div>\n\t<\/div>\n\t\t\t\t\t<\/div>\n\t\t\t\t\t<\/div>\n\t\t<\/div>\n\t\t\t\t<div class=\"elementor-column elementor-col-33 elementor-inner-column elementor-element elementor-element-867c8eb\" data-id=\"867c8eb\" data-element_type=\"column\" data-e-type=\"column\">\n\t\t\t<div class=\"elementor-widget-wrap elementor-element-populated\">\n\t\t\t\t\t\t<div class=\"elementor-element elementor-element-487975f1 eael-team-align-centered elementor-invisible elementor-widget elementor-widget-eael-team-member\" data-id=\"487975f1\" data-element_type=\"widget\" data-e-type=\"widget\" data-settings=\"{&quot;_animation&quot;:&quot;fadeInRight&quot;,&quot;_animation_delay&quot;:750}\" data-widget_type=\"eael-team-member.default\">\n\t\t\t\t\t\n\n\t<div id=\"eael-team-member-487975f1\" class=\"eael-team-item eael-team-members-centered \">\n\t\t<div class=\"eael-team-item-inner\">\n\t\t\t<div class=\"eael-team-image\">\n\t\t\t\t<figure>\n\t\t\t\t\t\t\t\t\t\t<img decoding=\"async\" src=\"https:\/\/wordpress.renzelburg.eu\/wp-content\/uploads\/2025\/10\/Martin.jpg\" alt=\"\">\n\t\t\t\t\t\t\t\t\t<\/figure>\n\t\t\t\t\n\t\t\t\t\n\t\t\t<\/div>\n\n\t\t\t<div class=\"eael-team-content\">\n\t\t\t\t<h2 class=\"eael-team-member-name\">Martin<\/h2><h3 class=\"eael-team-member-position\">Bass<\/h3>\n\t\t\t\t\t\t\t\t\t\t\t\t\t\t<p class=\"eael-team-text\"><\/p>\n\t\t\t\t\t\t\t<\/div>\n\t\t<\/div>\n\t<\/div>\n\t\t\t\t\t<\/div>\n\t\t\t\t<div class=\"elementor-element elementor-element-ab49079 eael-team-align-centered elementor-invisible elementor-widget elementor-widget-eael-team-member\" data-id=\"ab49079\" data-element_type=\"widget\" data-e-type=\"widget\" data-settings=\"{&quot;_animation&quot;:&quot;fadeInLeft&quot;,&quot;_animation_delay&quot;:150}\" data-widget_type=\"eael-team-member.default\">\n\t\t\t\t\t\n\n\t<div id=\"eael-team-member-ab49079\" class=\"eael-team-item eael-team-members-centered \">\n\t\t<div class=\"eael-team-item-inner\">\n\t\t\t<div class=\"eael-team-image\">\n\t\t\t\t<figure>\n\t\t\t\t\t\t\t\t\t\t<img decoding=\"async\" src=\"https:\/\/wordpress.renzelburg.eu\/wp-content\/uploads\/2025\/10\/Holger.jpg\" alt=\"\">\n\t\t\t\t\t\t\t\t\t<\/figure>\n\t\t\t\t\n\t\t\t\t\n\t\t\t<\/div>\n\n\t\t\t<div class=\"eael-team-content\">\n\t\t\t\t<h2 class=\"eael-team-member-name\">Holger<\/h2><h3 class=\"eael-team-member-position\">Posaune<\/h3>\n\t\t\t\t\t\t\t\t\t\t\t\t\t\t<p class=\"eael-team-text\"><\/p>\n\t\t\t\t\t\t\t<\/div>\n\t\t<\/div>\n\t<\/div>\n\t\t\t\t\t<\/div>\n\t\t\t\t\t<\/div>\n\t\t<\/div>\n\t\t\t\t\t<\/div>\n\t\t<\/section>\n\t\t\t\t\t<\/div>\n\t\t<\/div>\n\t\t\t\t\t<\/div>\n\t\t<\/section>\n\t\t<div class=\"elementor-element elementor-element-11281b3 e-flex e-con-boxed e-con e-parent\" data-id=\"11281b3\" data-element_type=\"container\" data-e-type=\"container\" data-settings=\"{&quot;background_background&quot;:&quot;classic&quot;}\">\n\t\t\t\t\t<div class=\"e-con-inner\">\n\t\t\t\t<div class=\"elementor-element elementor-element-fa22229 elementor-widget__width-initial elementor-widget elementor-widget-text-editor\" data-id=\"fa22229\" data-element_type=\"widget\" data-e-type=\"widget\" data-widget_type=\"text-editor.default\">\n\t\t\t\t\t\t\t\t\t<h2 class=\"western\">\ud83c\udfb9 <span style=\"color: #ffffff;\">Andreas \u2013 <\/span><span style=\"color: #ff0000;\">Piano &amp; Bandleitung<\/span><\/h2><p>Andreas ist der musikalische Leiter der Band. Mit seinem gef\u00fchlvollen und gleichzeitig groovendem Spiel legt er das Fundament f\u00fcr unseren Sound. Er f\u00fchrt uns mit viel Erfahrung, einem feinen Ohr und gro\u00dfer Spielfreude durch jede Session.<\/p><h2 class=\"western\">\ud83c\udfb7<span style=\"color: #ffffff;\">Beate \u2013 <\/span><span style=\"color: #ff0000;\">Altsaxophon<\/span><\/h2><p>Beate bringt mit ihrem klaren, hellen Altsaxophon-Sound Leichtigkeit und Farbe in unsere Arrangements. Sie liebt es, sch\u00f6ne Melodien zu kreieren.<\/p><h2 class=\"western\">\ud83c\udfb7<span style=\"color: #ffffff;\">Horst \u2013 <\/span><span style=\"color: #ff0000;\">Tenorsaxophon<\/span><\/h2><p>Horst spielt ein klassisches, warm klingendes Tenorsaxophon, das mit seinem rauchigen Timbre jedem St\u00fcck Tiefe gibt. Seine Soli erz\u00e4hlen Geschichten \u2013 mal leise und gef\u00fchlvoll, mal kraftvoll und energiegeladen.<\/p><h2 class=\"western\">\ud83c\udfba<span style=\"color: #ffffff;\">Holger \u2013 <\/span><span style=\"color: #ff0000;\">Posaune<\/span><\/h2><p>Holger ist unser Meister des warmen Blechs. Mit seiner Posaune f\u00fcgt er satte Klangfarben hinzu, die das Ensemble tragen und den Groove noch runder machen.<\/p><h2 class=\"western\">\ud83c\udfb8<span style=\"color: #ffffff;\">Martin \u2013 <\/span><span style=\"color: #ff0000;\">Bass<\/span><\/h2><p>Martin sorgt mit seiner Gelassenheit und ruhiger Hand daf\u00fcr, dass Piano, Bl\u00e4ser und Schlagzeug perfekt miteinander verschmelzen.<\/p><h2 class=\"western\">\ud83e\udd41<span style=\"color: #ffffff;\">Marcel \u2013 <\/span><span style=\"color: #ff0000;\">Schlagzeug<\/span><\/h2><p>Marcel sorgt f\u00fcr den Rhythmus in unserer Band. Sein Spiel ist pr\u00e4zise, groovig und voller Energie.<\/p>\t\t\t\t\t\t\t\t<\/div>\n\t\t\t\t\t<\/div>\n\t\t\t\t<\/div>\n\t\t\t\t<\/div>\n\t\t","protected":false},"excerpt":{"rendered":"<p>Andreas Piano &amp; Bandleitung Beate Altsaxophon Marcel Schlagzeug Horst Tenorsaxophon Martin Bass Holger Posaune \ud83c\udfb9 Andreas \u2013 Piano &amp; Bandleitung [&hellip;]<\/p>\n","protected":false},"author":1,"featured_media":0,"parent":0,"menu_order":3,"comment_status":"closed","ping_status":"closed","template":"","meta":{"_eb_attr":"","site-sidebar-layout":"no-sidebar","site-content-layout":"","ast-site-content-layout":"full-width-container","site-content-style":"default","site-sidebar-style":"default","ast-global-header-display":"","ast-banner-title-visibility":"","ast-main-header-display":"","ast-hfb-above-header-display":"","ast-hfb-below-header-display":"","ast-hfb-mobile-header-display":"","site-post-title":"disabled","ast-breadcrumbs-content":"","ast-featured-img":"disabled","footer-sml-layout":"","ast-disable-related-posts":"","theme-transparent-header-meta":"","adv-header-id-meta":"","stick-header-meta":"","header-above-stick-meta":"","header-main-stick-meta":"","header-below-stick-meta":"","astra-migrate-meta-layouts":"default","ast-page-background-enabled":"default","ast-page-background-meta":{"desktop":{"background-color":"var(--ast-global-color-5)","background-image":"","background-repeat":"repeat","background-position":"center center","background-size":"auto","background-attachment":"scroll","background-type":"","background-media":"","overlay-type":"","overlay-color":"","overlay-opacity":"","overlay-gradient":""},"tablet":{"background-color":"","background-image":"","background-repeat":"repeat","background-position":"center center","background-size":"auto","background-attachment":"scroll","background-type":"","background-media":"","overlay-type":"","overlay-color":"","overlay-opacity":"","overlay-gradient":""},"mobile":{"background-color":"","background-image":"","background-repeat":"repeat","background-position":"center center","background-size":"auto","background-attachment":"scroll","background-type":"","background-media":"","overlay-type":"","overlay-color":"","overlay-opacity":"","overlay-gradient":""}},"ast-content-background-meta":{"desktop":{"background-color":"var(--ast-global-color-4)","background-image":"","background-repeat":"repeat","background-position":"center center","background-size":"auto","background-attachment":"scroll","background-type":"","background-media":"","overlay-type":"","overlay-color":"","overlay-opacity":"","overlay-gradient":""},"tablet":{"background-color":"var(--ast-global-color-4)","background-image":"","background-repeat":"repeat","background-position":"center center","background-size":"auto","background-attachment":"scroll","background-type":"","background-media":"","overlay-type":"","overlay-color":"","overlay-opacity":"","overlay-gradient":""},"mobile":{"background-color":"var(--ast-global-color-4)","background-image":"","background-repeat":"repeat","background-position":"center center","background-size":"auto","background-attachment":"scroll","background-type":"","background-media":"","overlay-type":"","overlay-color":"","overlay-opacity":"","overlay-gradient":""}},"pgc_sgb_lightbox_settings":"","footnotes":""},"class_list":["post-21","page","type-page","status-publish","hentry"],"_links":{"self":[{"href":"https:\/\/wordpress.renzelburg.eu\/index.php?rest_route=\/wp\/v2\/pages\/21","targetHints":{"allow":["GET"]}}],"collection":[{"href":"https:\/\/wordpress.renzelburg.eu\/index.php?rest_route=\/wp\/v2\/pages"}],"about":[{"href":"https:\/\/wordpress.renzelburg.eu\/index.php?rest_route=\/wp\/v2\/types\/page"}],"author":[{"embeddable":true,"href":"https:\/\/wordpress.renzelburg.eu\/index.php?rest_route=\/wp\/v2\/users\/1"}],"replies":[{"embeddable":true,"href":"https:\/\/wordpress.renzelburg.eu\/index.php?rest_route=%2Fwp%2Fv2%2Fcomments&post=21"}],"version-history":[{"count":44,"href":"https:\/\/wordpress.renzelburg.eu\/index.php?rest_route=\/wp\/v2\/pages\/21\/revisions"}],"predecessor-version":[{"id":245,"href":"https:\/\/wordpress.renzelburg.eu\/index.php?rest_route=\/wp\/v2\/pages\/21\/revisions\/245"}],"wp:attachment":[{"href":"https:\/\/wordpress.renzelburg.eu\/index.php?rest_route=%2Fwp%2Fv2%2Fmedia&parent=21"}],"curies":[{"name":"wp","href":"https:\/\/api.w.org\/{rel}","templated":true}]}}